{"id":3213,"date":"2021-09-10T16:15:14","date_gmt":"2021-09-10T14:15:14","guid":{"rendered":"https:\/\/boutique.la-fab.com\/produit\/plein-tarif\/"},"modified":"2026-01-19T09:21:07","modified_gmt":"2026-01-19T08:21:07","slug":"plein-tarif","status":"publish","type":"product","link":"https:\/\/boutique.la-fab.com\/en\/produit\/plein-tarif\/","title":{"rendered":"Plein tarif"},"content":{"rendered":"<p>La Fab. pr\u00e9sente Humanit\u00e9, une exposition issue de la Collection agn\u00e8s b., qui explore la condition humaine \u00e0 travers des regards artistiques engag\u00e9s. \u00c0 travers un parcours sensible r\u00e9unissant des \u0153uvres embl\u00e9matiques de photographes et d\u2019artistes majeurs, l\u2019exposition invite \u00e0 la r\u00e9flexion et au dialogue autour des enjeux humains, sociaux et politiques contemporains.<\/p>\n","protected":false},"excerpt":{"rendered":"<p>Plein tarif<\/p>\n","protected":false},"featured_media":12201,"template":"","meta":[],"product_cat":[23],"product_tag":[],"_links":{"self":[{"href":"https:\/\/boutique.la-fab.com\/en\/wp-json\/wp\/v2\/product\/3213"}],"collection":[{"href":"https:\/\/boutique.la-fab.com\/en\/wp-json\/wp\/v2\/product"}],"about":[{"href":"https:\/\/boutique.la-fab.com\/en\/wp-json\/wp\/v2\/types\/product"}],"wp:featuredmedia":[{"embeddable":true,"href":"https:\/\/boutique.la-fab.com\/en\/wp-json\/wp\/v2\/media\/12201"}],"wp:attachment":[{"href":"https:\/\/boutique.la-fab.com\/en\/wp-json\/wp\/v2\/media?parent=3213"}],"wp:term":[{"taxonomy":"product_cat","embeddable":true,"href":"https:\/\/boutique.la-fab.com\/en\/wp-json\/wp\/v2\/product_cat?post=3213"},{"taxonomy":"product_tag","embeddable":true,"href":"https:\/\/boutique.la-fab.com\/en\/wp-json\/wp\/v2\/product_tag?post=3213"}],"curies":[{"name":"wp","href":"https:\/\/api.w.org\/{rel}","templated":true}]}}